{"id":557,"date":"2023-01-10T01:00:43","date_gmt":"2023-01-10T00:00:43","guid":{"rendered":"https:\/\/bsv.emil-dc.eu\/?page_id=557"},"modified":"2026-02-20T16:50:14","modified_gmt":"2026-02-20T15:50:14","slug":"fotos","status":"publish","type":"page","link":"https:\/\/www.bsv-russbachtal.at\/bsv-wp\/fotos\/","title":{"rendered":"Fotos"},"content":{"rendered":"\n<h2 class=\"wp-block-heading\"><strong><strong><a href=\"https:\/\/photos.app.goo.gl\/k4V3CPkE3ZWqNVC78\" target=\"_blank\" rel=\"noreferrer noopener\">N\u00d6 LM Indoor Wimpassing Siegerehrung<\/a><\/strong><\/strong><\/h2>\n\n\n\n<p>Impressionen von der Siegerehrung f\u00fcr unsere Verena M\u00fcller &#8211; N\u00d6 LM 2026 Indoor Blankbogen U21 weiblich<\/p>\n\n\n\n<h2 class=\"wp-block-heading\"><strong><strong><a href=\"https:\/\/photos.app.goo.gl\/k4V3CPkE3ZWqNVC78\" target=\"_blank\" rel=\"noreferrer noopener\">Dachsmond-Turnier 05.10.2025<\/a><\/strong><\/strong><\/h2>\n\n\n\n<p>Da der Wettergott ein Einsehen hatte und den n\u00e4chtlichen Regen rechtzeitig vor dem Turnier beendete, konnten wir die 45 Teilnehmende bei doch annehmbarem Herbstwetter bei uns im Grafenwald begr\u00fc\u00dfen.<\/p>\n\n\n\n<h2 class=\"wp-block-heading\"><strong><strong><a href=\"https:\/\/photos.app.goo.gl\/nuei8ZqwLEha5Ppo7\" target=\"_blank\" rel=\"noreferrer noopener\">Ferienspiel Leobendorf 2025<\/a><\/strong><\/strong><\/h2>\n\n\n\n<p>Am 22.08.2025 betreuten wir wieder mit Bogenschie\u00dfen eine Station des Ferienspiels Leobendorf. <\/p>\n\n\n\n<h2 class=\"wp-block-heading\"><strong><a href=\"https:\/\/photos.app.goo.gl\/pNJ6EvSrc7i71uqr7\" target=\"_blank\" rel=\"noreferrer noopener\">15.-17.08.2025 Bogenstand beim Zwiebelfest in Laa\/Thaya<\/a><\/strong><\/h2>\n\n\n\n<p>Auch heuer wieder haben wir beim Zwiebelfest in Laa\/Thaya unseren traditionellen Bogenstand eingerichtet und betreut. Es war vor allem am Freitag extrem hei\u00df, was sowohl f\u00fcr die Besucher(innen) als auch f\u00fcr uns ziemlich anstrengend war. Die M\u00fche hat sich jedoch gelohnt, was wir an der Freude in den Gesichtern unserer G\u00e4ste deutlich sehen konnten. Einige kamen sogar alle drei Tage mehrmals zu uns&#8230; <\/p>\n\n\n\n<h2 class=\"wp-block-heading\"><a href=\"https:\/\/photos.app.goo.gl\/s64qePut1epsqDxr8\" target=\"_blank\" rel=\"noreferrer noopener\"><strong>03.05.2025 Vereinsausflug nach Hohenau<\/strong><\/a><\/h2>\n\n\n\n<p>Am 03.05.2025 besuchten wir mit einer kleinen Abordnung den 3D-Parcours in Hohenau an der March. Ein wirklich sch\u00f6ner Tag, der Lust auf weitere Vereinsausfl\u00fcge macht \ud83d\ude09<\/p>\n\n\n\n<h2 class=\"wp-block-heading\"><a href=\"https:\/\/photos.app.goo.gl\/rfz1DYQ4nqGTfVAg9\" target=\"_blank\" rel=\"noreferrer noopener\"><strong>12.04.2025 Arbeitseinsatz in WODO<\/strong><\/a><\/h2>\n\n\n\n<p>Am 12.04.2025 haben wir gemeinsam einen Teil des Bodens im Vereinsheim in Wolkersdorf erneuert, wobei bereits am 11.04.2025 vorgearbeitet wurde.<br>Es hat sich wieder gezeigt: Wenn alle zusammenarbeiten, geht was weiter \ud83d\ude09<br>Danke allen helfenden H\u00e4nden \ud83d\ude4f<br>In den folgenden Wochen haben flei\u00dfige Wichtel sukzessive die K\u00fcche wiederhergestellt&#8230;<br><\/p>\n\n\n\n<h2 class=\"wp-block-heading\"><a href=\"https:\/\/photos.app.goo.gl\/NJLARhjv9PpaXzQ66\" target=\"_blank\" rel=\"noreferrer noopener\"><strong>29.09.2024 Dachsmond-Turnier<\/strong><\/a><\/h2>\n\n\n\n<p>Bei pr\u00e4chtigem Herbstwetter konnten wir am Tag der Nationalratswahl 54 Teilnehmende bei uns im Grafenwald begr\u00fc\u00dfen, die sich entspannt mit ihrem Lieblingssport die Zeit bis zur ersten Hochrechnung verk\u00fcrzten.<\/p>\n\n\n\n<h2 class=\"wp-block-heading\"><strong><a href=\"https:\/\/photos.app.goo.gl\/pVebUa2hHaDv4Uhc6\" target=\"_blank\" rel=\"noreferrer noopener\">16.-18.08.2024 Zwiebelfest in Laa\/Thaya<\/a><\/strong><\/h2>\n\n\n\n<p>Auch heuer waren wir mit unserem <strong>Bogenstand<\/strong> alle drei Tage am Nachmittag wieder fixer Bestandteil des Rahmenprogramms am <strong>Zwiebelfest in Laa\/Thaya.<\/strong><\/p>\n\n\n\n<h2 class=\"wp-block-heading\"><a href=\"https:\/\/photos.app.goo.gl\/93gMZjsFzHTjuahcA\" target=\"_blank\" rel=\"noreferrer noopener\"><strong>14.08.2024 Ferienspiel Leobendorf<\/strong><\/a><\/h2>\n\n\n\n<p>Am bisher hei\u00dfesten Tag des Jahres waren wir auch heuer wieder im Aichberghof in Oberrohrbach mit Bogen- und Blasrohrschie\u00dfen Teil des Leobendorfer Ferienspiels  und durften von 10:00 &#8211; 16:00 Uhr Kindern und Jugendlichen den Spa\u00df an unserem Sport zeigen.<\/p>\n\n\n\n<h2 class=\"wp-block-heading\"><a href=\"https:\/\/photos.app.goo.gl\/pKFTTBfbhi8tncn26\" target=\"_blank\" rel=\"noreferrer noopener\"><strong>01.10.2023 Dachsmond-Turnier<\/strong><\/a><\/h2>\n\n\n\n<p>Bei pr\u00e4chtigem Wetter konnten wir 76 Teilnehmende bei uns im Grafenwald begr\u00fc\u00dfen, die sich bei dem somit gem\u00fctlichen und \u00fcberschaubaren Turnier sichtlich wohlf\u00fchlten.<\/p>\n\n\n\n<h2 class=\"wp-block-heading\"><a href=\"https:\/\/photos.app.goo.gl\/o27iubiVcJaifJCA6\" target=\"_blank\" rel=\"noreferrer noopener\"><strong>24.09.2023 Arbeitseinsatz am Parcours<\/strong><\/a><\/h2>\n\n\n\n<h2 class=\"wp-block-heading\"><a rel=\"noreferrer noopener\" href=\"https:\/\/photos.app.goo.gl\/NXPNsqDDZL9sxEGL6\" target=\"_blank\"><strong>11.-13.08.2023 Zwiebelfest in Laa\/Thaya<\/strong><\/a><\/h2>\n\n\n\n<p>Auch heuer wieder waren wir vom 11. \u2013 13.08.2023 mit unserem <strong>Bogenstand<\/strong> jeweils von 13:00 \u2013 18:00 Uhr fixer Bestandteil des Rahmenprogramms am <strong>Zwiebelfest in Laa\/Thaya.<\/strong><\/p>\n\n\n\n<h2 class=\"wp-block-heading\"><a rel=\"noreferrer noopener\" href=\"https:\/\/photos.app.goo.gl\/NXPNsqDDZL9sxEGL6\" target=\"_blank\"><strong>17.07.2023 Ferienspiel Leobendorf 2023<\/strong><\/a><\/h2>\n\n\n\n<h3 class=\"wp-block-heading\"><strong><a rel=\"noreferrer noopener\" href=\"https:\/\/photos.app.goo.gl\/RNhBrKL3jRGi68xc7\" target=\"_blank\">20.05.2023 \u00d6sterreichischer Bogensporttag beim BSV Ru\u00dfbachtal<\/a><\/strong><\/h3>\n\n\n\n<p>Beim 3. \u00d6sterreichischen Bogensporttag war bei uns in der Badgasse in Wolkersdorf einiges los \ud83d\ude09 <\/p>\n\n\n\n<h3 class=\"wp-block-heading\"><strong><a rel=\"noreferrer noopener\" href=\"https:\/\/photos.app.goo.gl\/D2KdMDyz6ZYkUydy7\" target=\"_blank\">22.04.2023 N\u00d6 LM WA 3D in Reichenau<\/a><\/strong><\/h3>\n\n\n\n<p>&#8230;und wieder vier Stockerl-Pl\u00e4tze bei der Landesmeisterschaft f\u00fcr den BSV Ru\u00dfbachtal (3x 1. Pl\u00e4tze, 1x 3. Platz)<\/p>\n\n\n\n<h3 class=\"wp-block-heading\"><strong><a rel=\"noreferrer noopener\" href=\"https:\/\/photos.app.goo.gl\/bes4zBXVKxNSLKQf8\" target=\"_blank\">25.03.2023 Fr\u00fchjahrsputz in WODO<\/a><\/strong><\/h3>\n\n\n\n<p>Arbeitseinsatz in Wolkersdorf &#8211; wir erwecken unsere Bogensportanlage in Wolkersdorf aus dem Winrterschlaf&#8230;<\/p>\n\n\n\n<h3 class=\"wp-block-heading\"><a rel=\"noreferrer noopener\" href=\"https:\/\/photos.app.goo.gl\/oJEwkhjsCKmqwc7D9\" target=\"_blank\">11.+12.02.2023 \u00d6M Indoor in Wels<\/a><\/h3>\n\n\n\n<p>Die Erfolge unserer Jugend gehen weiter &#8211; ein \u00d6sterreichischer Meistertitel, ein dritter Platz&#8230;<\/p>\n\n\n\n<h3 class=\"wp-block-heading\"><a rel=\"noopener noreferrer\" href=\"https:\/\/photos.app.goo.gl\/n1MZfyKPJ482vhxu7\" target=\"_blank\">19. + 20.11.2022 Indoorturnier des BSC Stockerau u. Landesmeisterschaften N\u00d6<\/a><\/h3>\n\n\n\n<p>Und wieder war unsere Jugend erfolgreich: Verena LM 2022 Indoor | Blankbogen | U18 weiblich, Christian LM 2022 Indoor |Traditional | U15 m\u00e4nnlich! Wir k\u00f6nnen nur wieder&nbsp;zu diesen hervorragenden Leistungen unserer &#8222;Youngsters&#8220; gratulieren!<\/p>\n\n\n\n<h3 class=\"wp-block-heading\"><a rel=\"noopener noreferrer\" href=\"https:\/\/photos.app.goo.gl\/hGY8KthPxvtXxEcA7\" target=\"_blank\">08.10.2022 Dachsmond-Turnier 2022, Grafenwald<\/a><a rel=\"noopener noreferrer\" href=\"https:\/\/photos.app.goo.gl\/hN7pfzPngNzum7e76\" target=\"_blank\"><\/a><a rel=\"noopener noreferrer\" href=\"https:\/\/photos.app.goo.gl\/hN7pfzPngNzum7e76\" target=\"_blank\"><\/a><\/h3>\n\n\n\n<h3 class=\"wp-block-heading\"><a rel=\"noopener noreferrer\" href=\"https:\/\/photos.app.goo.gl\/hN7pfzPngNzum7e76\" target=\"_blank\">27. + 28.08.2022 \u00d6sterr. Jugendmeisterschaft 3D und Feld<\/a><a rel=\"noopener noreferrer\" href=\"https:\/\/photos.app.goo.gl\/hN7pfzPngNzum7e76\" target=\"_blank\"><\/a><\/h3>\n\n\n\n<p>Am Wochenende vom 27. und 28.08.2022 fanden in Krumpendorf am W\u00f6rthersee \u00d6sterreichische Jogendmeisterschaften statt, am 27.08.2022 die \u00d6M Jugendmeisterschaft WA 3D, am 28.08.2022 die \u00d6M Jugendmeisterschaft WA Feld. Nat\u00fcrlich waren auch wir mit unserer Jugend vertreten und konnten nicht nur wie zuvor landesweit, sondern auch bundesweit beachtliche Erfolge verzeichnen:<br>Unsere <strong>Verena<\/strong> M\u00fcller erreichte am 27.08. bei der&nbsp;\u00d6M Jugendmeisterschaft WA 3D&nbsp; in der Kategorie BB u18 weiblich den <strong>hervorragenden 2. Platz<\/strong>, <strong>Christian<\/strong> Holzer verpasste das Stockerl nur knapp und wurde in der Kategorie TRB u15 m\u00e4nnlich<strong> beachtlicher Vierter<\/strong>.<br>Bei der \u00d6M Jugendmeisterschaft WA Feld am n\u00e4chsten Tag waren beide in ihren Kategorien am Stockerl: <strong>Verena<\/strong> erreichte in der Kat. BB u18 weiblich<strong> ebenso den 3. Platz wie Christian<\/strong> in der Kat. TRB u15 m\u00e4nnlich.<br>Wir gratulieren unserer Jugend zu diesen wieder hervoragenden Leistungen. Bravo, weiter so, wir sind stolz auf euch!<\/p>\n\n\n\n<h3 class=\"wp-block-heading\"><a rel=\"noopener noreferrer\" id=\"zw22\" href=\"https:\/\/photos.app.goo.gl\/zZdzFMbSJuZNUg6M9\" target=\"_blank\">13. \u2013 15.08.2022 Zwiebelfest, Laa a.d. Thaya<\/a><\/h3>\n\n\n\n<p>Auch heuer wieder waren wir am Zwiebelfest in Laa\/Thaya mit unserem Bogenstand Teil des Rahmenprogramms.<br>Obwohl wir bereits das zweite Jahr nicht mehr in unmittelbarer N\u00e4he des Hauptplatzes als Zentrum des Festes, sondern doch ein paar Gehminuten weiter weg im ehemaligen B\u00fcrgerspital unseren Stand aufgebaut haben, war der Andrang ungebrochen. An allen drei Tagen kamen viele Festbesucher bei uns vorbei, um von uns in die ersten Schritte des Bogenschie\u00dfens eingeweiht zu werden und die ersten Pfeile vom Bogen zu lassen. Zeitweise mussten Interessierte sogar Wartezeiten von bis zu einer Viertelstunde in Kauf nehmen, bevor sie an der Reihe waren. Von klein zu gro\u00df, alle hatten ihre Freude daran, das Bogenschie\u00dfen etwas kennen zu lernen. Einige hat der Eifer sogar so gepackt, dass sie mehrmals und sogar am n\u00e4chsten Tag wiederkamen, wir hatten sogar ein paar &#8222;Dauerg\u00e4ste&#8220; an allen drei Tagen\u2026<br>F\u00fcr uns war es anstrengend, denn wir hatten kaum Zeit, um auszuruhen, denn es gab jahreszeitbedingt wieder einmal Kaiserwetter mit entsprechend hohen Temperaturen und unser Stand hatte nat\u00fcrlich die Nachmittagssonne gepachtet. Aber die gl\u00e4nzenden Augen und die sichtliche Freude der Besucher und vor allem der Kinder entsch\u00e4digte uns f\u00fcr die M\u00fche.<br>Wegen des gro\u00dfen positiven Besucherechos hat uns der Veranstalter bereits sofort gebeten, auch beim n\u00e4chsten Zwiebelfest mitzumachen. Ich denke mal, wir sind n\u00e4chstes Jahr wieder dabei \u2026<\/p>\n\n\n\n<h3 class=\"wp-block-heading\"><a rel=\"noopener noreferrer\" id=\"fo22\" href=\"https:\/\/photos.app.goo.gl\/Q9YaDfJmG3KUqq39A\" target=\"_blank\">25.07.2022 Ferienspiel Oberrohrbach<\/a><\/h3>\n\n\n\n<p>Auch 2022 nutzen wir die Gelegenheit, Kindern die Faszination des Bogenschie\u00dfens n\u00e4her zu bringen. Jeweils f\u00fcr die Termine von 10-12 Uhr, 12-14 Uhr und 14-16 Uhr konnten Eltern ihre Kinder zum Bogenschie\u00dfen im Rahmen des Ferienspiels im Aichberghof in der Hofstra\u00dfe 20 in 2105 Oberrohrbach anmelden. Alle drei Termine waren gut besucht. Auch wenn die Veranstaltung gerade auf den bisher hei\u00dfesten Tag des Jahres mit knapp 37\u00b0 C im Schatten fiel, hatten die Kinder ihre Freude und waren mit gro\u00dfen Eifer dabei. Es zeigten sich auch einige vielversprechende Talente mit erstaunlichen Leistungen f\u00fcrs erste Mal. Anstrengend f\u00fcr uns, aber dennoch kein verlorener Tag, denn die Freude der Kinder entlohnten uns f\u00fcr die doch schwei\u00dftreibende T\u00e4tigkeit&#8230;<\/p>\n\n\n\n<h3 class=\"wp-block-heading\"><a rel=\"nofollow noopener noreferrer\" class=\"category\" href=\"https:\/\/photos.app.goo.gl\/NNoAz9fkR7yJ1nrr9\" target=\"_blank\">14.03.2022 \u00d6STM WA Indoor, Wels<\/a><\/h3>\n\n\n\n<p>Erfolgreiche Teilnahme an der \u00d6STM WA Indoor in Wels<\/p>\n\n\n\n<h3 class=\"wp-block-heading\"><a rel=\"noopener noreferrer\" href=\"https:\/\/photos.app.goo.gl\/94oQQ2S5PAACHo5G8\" target=\"_blank\">09.10.2021 N\u00d6 Landesmeisterschaft WA 3D<\/a><\/h3>\n\n\n\n<h2 class=\"wp-block-heading\"><a rel=\"noreferrer noopener\" href=\"https:\/\/photos.app.goo.gl\/LKTLaz5AR66sN5gg9\" target=\"_blank\">2021-08-14 Ferienspiel der Jagdgesellschaft Manhartsbrunn<\/a><\/h2>\n\n\n\n<p>\u00dcber Einladung der Jagdgesellschaft Manhartsbrunn konnten wir am 14.08.2021 bei dem von der Jagdgesellschaft gestalteten Ferienspiel den teilnehmenden Kindern das Bogenschie\u00dfen etwas n\u00e4her bringen. Es war zwar mit weit \u00fcber 33\u00b0 (im Schatten, den es f\u00fcr uns aber nur sp\u00e4rlich gab) sehr hei\u00df und damit in der Mittagshitze schwei\u00dftreibend, aber trotzdem eine &#8222;Hetz&#8220; f\u00fcr jung und alt mit durchaus vielversprechenden angehenden Bogensch\u00fctz(inn)en \ud83d\ude42<br><strong>Hinweis:<\/strong><br>Die Gesichter der Kinder und sonstiger Anwesender (bis auf Mitglieder des BSV Ru\u00dfbachtal) wurden aus Datenschutzgr\u00fcnden verpixelt.<a rel=\"noreferrer noopener\" href=\"https:\/\/photos.app.goo.gl\/FJGEHKtgxy2uhPXt9\" target=\"_blank\"><\/a><\/p>\n\n\n\n<h3 class=\"wp-block-heading\"><a rel=\"noopener noreferrer\" href=\"https:\/\/photos.app.goo.gl\/FJGEHKtgxy2uhPXt9\" target=\"_blank\">24.07.2021 \u00d6sterr. Bogensporttag<\/a><a rel=\"noopener noreferrer\" href=\"https:\/\/photos.app.goo.gl\/FJGEHKtgxy2uhPXt9\" target=\"_blank\"><\/a><\/h3>\n\n\n\n<h3 class=\"wp-block-heading\"><a rel=\"noopener noreferrer\" href=\"https:\/\/photos.app.goo.gl\/JL3abFGLGghQyoRJ7\" target=\"_blank\">13. \u2013 16.05.2021 Arbeitseinsatz neuer Zaun in Wolkersdorf<\/a><a rel=\"noopener noreferrer\" href=\"https:\/\/photos.app.goo.gl\/JL3abFGLGghQyoRJ7\" target=\"_blank\"><\/a><\/h3>\n\n\n\n<p>Rechtzeitig zum Ende des Corona-Lockdowns haben wir unseren Scheibenplatz in Wolkersdorf wieder in Schuss gebracht und den alten desolaten Zaun gegen einen neuen ausgetauscht. Auch wenn das Wetter nicht gerade ideal mitgespielt hat, gingen die Arbeiten mit Hilfe unserer Mitglieder gut voran &#8211; wenigstens war der Boden nicht zu hart zum Graben \ud83d\ude09<br>Danke an alle Mitwirkenden, es war zwar anstrengend, es kam aber doch auch der Spa\u00df dabei nicht zu kurz und brachte allen ein positives Gemeinschaftserlebnis\u2026<\/p>\n\n\n\n<h3 class=\"wp-block-heading\"><a rel=\"noopener noreferrer\" href=\"https:\/\/photos.app.goo.gl\/MnBoyheBLN8S37wo9\" target=\"_blank\">10.10.2020 Dachsmond-Turnier, trotz Corona<\/a><a rel=\"noopener noreferrer\" href=\"https:\/\/photos.app.goo.gl\/MnBoyheBLN8S37wo9\" target=\"_blank\"><\/a><\/h3>\n\n\n\n<h3 class=\"wp-block-heading\"><a rel=\"noopener noreferrer\" href=\"https:\/\/photos.app.goo.gl\/C8a162GAXvisQBuo6\" target=\"_blank\">01.12.2019 6. Jugend-Bundesl\u00e4nder Vergleichswettkampf<\/a><\/h3>\n\n\n\n<h3 class=\"wp-block-heading\"><a rel=\"noopener noreferrer\" href=\"https:\/\/photos.app.goo.gl\/xwFYF5Y9i1rKDcay9\" target=\"_blank\">12.10.2019 Dachsmond-Turnier<\/a><a rel=\"noopener noreferrer\" href=\"https:\/\/photos.app.goo.gl\/xwFYF5Y9i1rKDcay9\" target=\"_blank\"><\/a><\/h3>\n\n\n\n<h3 class=\"wp-block-heading\"><a rel=\"noopener noreferrer\" href=\"https:\/\/photos.app.goo.gl\/aTtTkansVwrGgtL3A\" target=\"_blank\">21.09.2019 10 Jahre Hundefreunde Wien-Umgebung<\/a><\/h3>\n\n\n\n<p>Beim Fest des Vereins HFWU (Hunde-Freunde-Wien-Umgebung) anl\u00e4sslich seines 10-j\u00e4hrigen Bestehens haben wir mit einem Bogen- und Blasrohrstand zur Unterhaltung beigetragen und einigen Hundefreunden auch das Bogen- und Blasrohrschie\u00dfen schmackhaft machen k\u00f6nnen \ud83d\ude42<\/p>\n\n\n\n<h3 class=\"wp-block-heading\"><a rel=\"noopener noreferrer\" href=\"https:\/\/photos.app.goo.gl\/fyree8JrXSeAZN7XA\" target=\"_blank\">07. + 08.07.2019 Hafenfest Korneuburg<\/a><\/h3>\n\n\n\n<p>Wenn auch der Samstag wegen des teilweise Dauerregens eher durchwachsen war, hatten wir am Sonntag bei Sonnenschein genug zu tun&#8230;<\/p>\n\n\n\n<h3 class=\"wp-block-heading\"><a rel=\"noopener noreferrer\" href=\"https:\/\/photos.app.goo.gl\/A8cfYLdwqYdMoxey8\" target=\"_blank\">01.09.2019 Vereinsausflug zum Limoni-Keller, Linz<\/a><\/h3>\n\n\n\n<h3 class=\"wp-block-heading\"><a rel=\"noopener noreferrer\" href=\"https:\/\/photos.app.goo.gl\/kkgAdEAatp9CvXgo8\" target=\"_blank\">16. \u2013 18.08.2019 Zwiebelfest, Laa\/Thaya)<\/a><\/h3>\n\n\n\n<h3 class=\"wp-block-heading\"><a rel=\"noopener noreferrer\" href=\"https:\/\/photos.app.goo.gl\/au2jK9hNmW2wteo47\" target=\"_blank\">02.08.2019 Ferienspiel Wolkersdorf<\/a><\/h3>\n\n\n\n<h3 class=\"wp-block-heading\"><a rel=\"noopener noreferrer\" href=\"https:\/\/photos.app.goo.gl\/sJvP6rN2SyodRMSh7\" target=\"_blank\">31.07.2019 Ferienspiel Leobendorf\/Oberrohrbach<\/a><\/h3>\n\n\n\n<p>Wir hatten trotz Regen wieder viel Spa\u00df beim Ferienspiel&#8230;<\/p>\n\n\n\n<h3 class=\"wp-block-heading\"><a rel=\"noopener noreferrer\" href=\"https:\/\/photos.app.goo.gl\/tTeHjy4Bf7xSnHET6\" target=\"_blank\">24. \u2013 27.07.2019 Jugend-\/Bogencamp, Pregarten\/O\u00d6 Walhalla<\/a><a rel=\"noopener noreferrer\" href=\"https:\/\/photos.app.goo.gl\/tTeHjy4Bf7xSnHET6\" target=\"_blank\"><\/a><\/h3>\n\n\n\n<h3 class=\"wp-block-heading\"><a rel=\"noopener noreferrer\" href=\"https:\/\/photos.app.goo.gl\/xBioRn823VhHR2QNA\" target=\"_blank\">03.07.2019 Ferienspiel Ulrichskirchen<\/a><\/h3>\n\n\n\n<h3 class=\"wp-block-heading\"><a rel=\"noopener noreferrer\" href=\"https:\/\/photos.app.goo.gl\/WLoWq54xrKky9H6R6\" target=\"_blank\">01.06.2019 Waldmeister-Turnier<\/a><\/h3>\n\n\n\n<h3 class=\"wp-block-heading\"><a rel=\"noopener noreferrer\" href=\"https:\/\/www.flickr.com\/photos\/bsvrussbachtal\/\" target=\"_blank\">Fotos 2017 \u2013 2018 (auf Flickr)<\/a><\/h3>\n\n\n\n<h3 class=\"wp-block-heading\"><a rel=\"noopener noreferrer\" href=\"https:\/\/www.flickr.com\/photos\/128536206@N07\/with\/15989768778\/\" target=\"_blank\">Fotos bis 2016 (auf Flickr)<\/a><a rel=\"noopener noreferrer\" href=\"https:\/\/www.flickr.com\/photos\/128536206@N07\/with\/15989768778\/\" target=\"_blank\"><\/a><\/h3>\n","protected":false},"excerpt":{"rendered":"<p>N\u00d6 LM Indoor Wimpassing Siegerehrung Impressionen von der Siegerehrung f\u00fcr unsere Verena M\u00fcller &#8211; N\u00d6 LM 2026 Indoor Blankbogen U21 weiblich Dachsmond-Turnier 05.10.2025 Da der Wettergott ein Einsehen hatte und den n\u00e4chtlichen Regen rechtzeitig vor dem Turnier beendete, konnten wir<\/p>\n","protected":false},"author":1,"featured_media":0,"parent":0,"menu_order":0,"comment_status":"closed","ping_status":"closed","template":"","meta":{"footnotes":""},"class_list":["post-557","page","type-page","status-publish","hentry"],"_links":{"self":[{"href":"https:\/\/www.bsv-russbachtal.at\/bsv-wp\/wp-json\/wp\/v2\/pages\/557","targetHints":{"allow":["GET"]}}],"collection":[{"href":"https:\/\/www.bsv-russbachtal.at\/bsv-wp\/wp-json\/wp\/v2\/pages"}],"about":[{"href":"https:\/\/www.bsv-russbachtal.at\/bsv-wp\/wp-json\/wp\/v2\/types\/page"}],"author":[{"embeddable":true,"href":"https:\/\/www.bsv-russbachtal.at\/bsv-wp\/wp-json\/wp\/v2\/users\/1"}],"replies":[{"embeddable":true,"href":"https:\/\/www.bsv-russbachtal.at\/bsv-wp\/wp-json\/wp\/v2\/comments?post=557"}],"version-history":[{"count":2,"href":"https:\/\/www.bsv-russbachtal.at\/bsv-wp\/wp-json\/wp\/v2\/pages\/557\/revisions"}],"predecessor-version":[{"id":2474,"href":"https:\/\/www.bsv-russbachtal.at\/bsv-wp\/wp-json\/wp\/v2\/pages\/557\/revisions\/2474"}],"wp:attachment":[{"href":"https:\/\/www.bsv-russbachtal.at\/bsv-wp\/wp-json\/wp\/v2\/media?parent=557"}],"curies":[{"name":"wp","href":"https:\/\/api.w.org\/{rel}","templated":true}]}}