{"id":5,"date":"2023-01-06T00:08:25","date_gmt":"2023-01-05T23:08:25","guid":{"rendered":"https:\/\/bsv.emil-dc.eu\/?page_id=5"},"modified":"2023-11-11T15:56:40","modified_gmt":"2023-11-11T14:56:40","slug":"datenschutzerklaerung-gemaess-art-13-dsgvo","status":"publish","type":"page","link":"https:\/\/www.bsv-russbachtal.at\/bsv-wp\/datenschutzerklaerung-gemaess-art-13-dsgvo\/","title":{"rendered":"Datenschutzerkl\u00e4rung gem\u00e4\u00df Art. 13 DSGVO"},"content":{"rendered":"<h1>Erkl\u00e4rung zur Informationspflicht Datenschutz<\/h1>\n<p>Der Schutz Ihrer pers\u00f6nlichen Daten ist uns ein besonderes Anliegen. Wir verarbeiten Ihre Daten daher ausschlie\u00dflich auf Grundlage der gesetzlichen Bestimmungen (DSGVO, TKG 2003). In den folgenden Datenschutz\u00adinformationen informieren wir Sie \u00fcber die wichtigsten Aspekte der Datenverarbeitung im Rahmen unserer Vereinst\u00e4tigkeit.<\/p>\n<p>Um Ihre Rechte betreffend Ihre personenbezogenen Daten geltend zu machen, wenden Sie sich bitte am besten per E-Mail direkt an unseren Vereinsvorstand oder schriftlich an unsere Postanschrift, Sie bekommen dann so rasch wie m\u00f6glich die gew\u00fcnschten Antworten.<\/p>\n<p>Wir verarbeiten je nach Anlass folgende Arten Ihrer Daten, wobei nicht beabsichtigt ist, diese an ein Drittland oder eine internationale Organisation zu \u00fcbermitteln oder sie f\u00fcr automatisierte Entscheidungsfindung einschlie\u00dflich Profiling (Datenanalyse zu Verhalten, Gewohnheiten, Pr\u00e4ferenzen\u2026) zu verarbeiten.<\/p>\n<h2>Kontakt mit uns:<\/h2>\n<p>Wenn Sie per Formular auf der Website oder per E-Mail Kontakt mit uns aufnehmen, werden Ihre angegebenen Daten [<em>insbesondere Name, E-Mail, Telefonnummer und Inhalt der Anfrage<\/em>] wegen unserem berechtigtem Interesse des Verantwortlichen gem. Art. 6 Abs. 1 lit. f DSGVO zwecks Bearbeitung der Anfrage und f\u00fcr den Fall von Anschlussfragen sechs Monate bei uns gespeichert. Diese Daten werden ohne Ihre Einwilligung keinesfalls an Dritte weitergegeben.<\/p>\n<h2>Mitglieder:<\/h2>\n<p>Die uns durch unsere Vereinsmitglieder anl\u00e4sslich des Beitritts und dann laufend w\u00e4hrend ihrer Vereinszugeh\u00f6rigkeit bekanntgegebenen Daten [wie etwa <em>Geschlecht, Titel, Name, Geburtsdatum, Anschrift, Staatsb\u00fcrgerschaft, Kommunikationsdaten (Mail, Telefonnummer\u2026), Bankverbindung, Art der Vereinszugeh\u00f6rigkeit, sportliche Ausbildung, Sch\u00fctzenlizenz beim \u00d6BSV, ev. Funktion im Verein<\/em> \u2026] verarbeiten wir f\u00fcr die Durchf\u00fchrung der Vereinst\u00e4tigkeit auf Grundlage ihrer Zustimmung gem. Art. 6 Abs. 1 lit.\u00a0a DSGVO, sowie dar\u00fcber hinaus auch zwecks Vertragserf\u00fcllung gem. Art. 6 Abs. 1 lit.\u00a0b DSGVO und berechtigtem Interesse des Verantwortlichen gem. Art. 6 Abs. 1 lit.\u00a0f DSGVO jedenfalls f\u00fcr die Dauer der Mitgliedschaft sowie weitere 7 Jahre nach Beendigung der Mitgliedschaft zur Erf\u00fcllung der Pflichten des Vereins nach der Bundesabgabenordnung (BAO). Bei finanziellen Streitigkeiten\/Klagen speichern wir die Daten bis zum Abschluss des (gerichtlichen) Verfahrens + weitere 7 Jahre gem. Art. 6 Abs. 1 lit.\u00a0f DSGVO.<\/p>\n<p>Eingeschr\u00e4nkte Daten [<em>Geschlecht, Titel, Name, Geburtsdatum, Anschrift, Staatsb\u00fcrgerschaft, Kommunikationsdaten (Mail, telefonnummer\u2026), Bankverbindung, Art der Vereinszugeh\u00f6rigkeit, sportliche Ausbildung, Sch\u00fctzenlizenz beim \u00d6BSV, ev. Funktion im Verein<\/em> \u2026] werden auf gleicher Rechtsgrundlage wegen entsprechender Verpflichtungen auch an Dachverb\u00e4nde (\u00d6sterreichischer Bogensportverband\u00a0&#8211;\u00a0\u00d6BSV, N\u00d6 Bogenverband\u00a0&#8211;\u00a0N\u00d6BSV, \u00d6sterreichische Bundes-Sportorganisation\u00a0BSO, Allgemeiner Sportverband N\u00d6 &#8211; ASV\u00d6 N\u00d6) \u00fcbermittelt.<\/p>\n<h2>Turnierteilnahme:<\/h2>\n<p>Bei Anmeldung und\/oder Teilnahme an einem unserer Turniere und Wettbewerbe verarbeiten wir zur Durchf\u00fchrung der Veranstaltung mit Ihrer Zustimmung und wegen unserem berechtigten Interesse auf Grundlage des Art. 6 Abs. 1 lit. a u. f DSGVO Ihre dazu n\u00f6tigen Daten [<em>Geschlecht, Titel, Name, Kommunikation (Email, Telefon), Altersklasse, Bogenklasse, Verein, Lizenznummer, Zustimmung zur Verarbeitung, erzielte Platzierung (Score, Platz)<\/em>], ver\u00f6ffentlichen Anmeldelisten und Ergebnislisten (beide jeweils freilich ohne Ihre Kommunikationsdaten) auf unserer Homepage und \u00fcbermitteln diese Informationen bei Meisterschaften und offiziellen (Stern-)Turnieren auch an die zust\u00e4ndigen Dachverb\u00e4nde auf Landes- und Bundesebene (z.B. \u00d6BSV), siehe dazu auch die Information \u00fcber Sportergebnismanagement weiter unten.<\/p>\n<p>Mit Teilnahme an der Veranstaltung stimmen Sie auch zu, dass Fotos der Veranstaltung, auf denen Sie m\u00f6glicher Weise zu erkennen sind, f\u00fcr die Berichterstattung \u00fcber die Veranstaltung von uns im Internet ver\u00f6ffentlicht werden d\u00fcrfen. Sollten Sie Ihre diesbez\u00fcgliche Zustimmung widerrufen, werden wir sie auf den von Ihnen zu bezeichnenden Bildern m\u00f6glichst unkenntlich machen (verpixeln).<\/p>\n<h2>Information \u00fcber Sportergebnismanagement:<\/h2>\n<p>Aufgrund der Einwilligung der betroffenen Person nach Art. 6 Abs. 1 lit. a DSGVO bzw. der Erf\u00fcllung einer vertraglichen bzw. rechtlichen Verpflichtung des Verantwortlichen nach Art. 6 Abs. 1 lit. b und c bzw. f DSGVO werden die personenbezogenen Daten der betroffenen Person, soweit diese f\u00fcr die Leistungs-\/Ergebniserfassung bzw. Ergebnismanagement im Zusammenhang mit der Anmeldung oder Teilnahme an (sportlichen) Veranstaltungen oder Wettk\u00e4mpfen erforderlich sind, gespeichert und auch nach Art. 17 Abs. 3 in Verbindung mit Art. 89 DSGVO f\u00fcr im \u00f6ffentlichen Interesse liegende Archivzwecke und berechtigte Interessen des Verantwortlichen gespeichert und \u00f6ffentlich zug\u00e4nglich gemacht sowie von der \u00d6sterreichische Bundes-Sportorganisation BSO, 1040 Wien, Prinz-Eugen-Str. 12, gespeichert und \u00f6ffentlich zug\u00e4nglich gemacht. Dies wird von der betroffenen Person ausdr\u00fccklich zur Kenntnis genommen.<\/p>\n<h2>Ihre Rechte:<\/h2>\n<p>Ihnen stehen grunds\u00e4tzlich die Rechte auf Berichtigung, L\u00f6schung, Einschr\u00e4nkung und Widerspruch zu. Daf\u00fcr wenden Sie sich an unseren Vereinsvorstand. Wenn Sie glauben, dass die Verarbeitung Ihrer Daten gegen das Datenschutzrecht verst\u00f6\u00dft oder Ihre datenschutzrechtlichen Anspr\u00fcche sonst in irgend einer Weise verletzt worden sind, k\u00f6nnen Sie sich bei der Aufsichtsbeh\u00f6rde beschweren. In \u00d6sterreich ist daf\u00fcr die Datenschutzbeh\u00f6rde zust\u00e4ndig. Wir ersuchen Sie jedoch, sich im Falle eines vermuteten Versto\u00dfes zuerst mit uns in Verbindung zu setzen, damit wir die Thematik rasch aufkl\u00e4ren und l\u00f6sen k\u00f6nnen.<\/p>\n<h2>Sie erreichen uns unter folgenden Kontaktdaten:<\/h2>\n<p>Bogen- und Blasrohrsportverein (BSV) Ru\u00dfbachtal<br \/>ZVR 416202607<br \/>2120 Wolkersdorf, Badgasse GNR 2883<\/p>\n\n\n<figure class=\"wp-block-table is-style-stripes\"><table><tbody><tr><td>Postanschrift:<\/td><td>BSV Ru\u00dfbachtal z.Hd. Norbert Fischer, Gerasdorferstra\u00dfe 61\/31\/1, 1210 Wien<\/td><\/tr><tr><td>Obmann:<\/td><td>Norbert Fischer<\/td><\/tr><tr><td>E-Mail-Adresse:<\/td><td><a href=\"mailto:bsv.russbachtal@gmail.com\">bsv.russbachtal@gmail.com<\/a><\/td><\/tr><tr><td>Webseite:<\/td><td><a href=\"http:\/\/www.bsv-russbachtal.at\/\">http:\/\/www.bsv-russbachtal.at<\/a><\/td><\/tr><\/tbody><\/table><\/figure>\n\n\n<h3><em>Wir schie\u00dfen Bogen und Blasrohr, weil es Spa\u00df macht&#8230;<br \/>Wir schie\u00dfen im Verein, weil es gemeinsam noch mehr Spa\u00df macht&#8230;<\/em><\/h3>","protected":false},"excerpt":{"rendered":"<p>Erkl\u00e4rung zur Informationspflicht Datenschutz Der Schutz Ihrer pers\u00f6nlichen Daten ist uns ein besonderes Anliegen. Wir verarbeiten Ihre Daten daher ausschlie\u00dflich auf Grundlage der gesetzlichen Bestimmungen (DSGVO, TKG 2003). In den folgenden Datenschutz\u00adinformationen informieren wir Sie \u00fcber die wichtigsten Aspekte der<\/p>\n","protected":false},"author":1,"featured_media":0,"parent":0,"menu_order":0,"comment_status":"closed","ping_status":"closed","template":"","meta":{"footnotes":""},"class_list":["post-5","page","type-page","status-publish","hentry"],"_links":{"self":[{"href":"https:\/\/www.bsv-russbachtal.at\/bsv-wp\/wp-json\/wp\/v2\/pages\/5","targetHints":{"allow":["GET"]}}],"collection":[{"href":"https:\/\/www.bsv-russbachtal.at\/bsv-wp\/wp-json\/wp\/v2\/pages"}],"about":[{"href":"https:\/\/www.bsv-russbachtal.at\/bsv-wp\/wp-json\/wp\/v2\/types\/page"}],"author":[{"embeddable":true,"href":"https:\/\/www.bsv-russbachtal.at\/bsv-wp\/wp-json\/wp\/v2\/users\/1"}],"replies":[{"embeddable":true,"href":"https:\/\/www.bsv-russbachtal.at\/bsv-wp\/wp-json\/wp\/v2\/comments?post=5"}],"version-history":[{"count":3,"href":"https:\/\/www.bsv-russbachtal.at\/bsv-wp\/wp-json\/wp\/v2\/pages\/5\/revisions"}],"predecessor-version":[{"id":2032,"href":"https:\/\/www.bsv-russbachtal.at\/bsv-wp\/wp-json\/wp\/v2\/pages\/5\/revisions\/2032"}],"wp:attachment":[{"href":"https:\/\/www.bsv-russbachtal.at\/bsv-wp\/wp-json\/wp\/v2\/media?parent=5"}],"curies":[{"name":"wp","href":"https:\/\/api.w.org\/{rel}","templated":true}]}}