{"id":347,"date":"2014-10-12T17:48:12","date_gmt":"2014-10-12T15:48:12","guid":{"rendered":"https:\/\/bsv.emil-dc.eu\/?page_id=347"},"modified":"2023-03-13T14:03:56","modified_gmt":"2023-03-13T13:03:56","slug":"sponsoren","status":"publish","type":"page","link":"https:\/\/www.bsv-russbachtal.at\/bsv-wp\/sponsoren\/","title":{"rendered":"Sponsoren"},"content":{"rendered":"<h2>Sponsoring, A &amp; O f\u00fcr das \u00dcberleben eines jeden Vereins<\/h2>\n<p>Hier wollen wir all jenen Danke sagen, die uns durch Geld- oder Sachspende geholfen haben bzw. laufend helfen:<\/p>\n<p>&nbsp;<\/p>\n\n\n<figure class=\"wp-block-table is-style-stripes\"><table><tbody><tr><td><strong>Artlive<\/strong><br>Danke an die Firma Artlive, welche unsere Vereinsbekleidung mit dem Vereinslogo und individullen Namen bedruckt.<\/td><td><a href=\"https:\/\/www.artlive.at\/\" target=\"_blank\" rel=\"noreferrer noopener\"><img decoding=\"async\" style=\"width: 200px;\" src=\"\/bsv-wp\/wp-content\/images\/sponsoren\/sponsor-artlive.png\" alt=\"Artlive\"><\/a><\/td><\/tr><tr><td><strong>Bauspenglerei Thomas Reiterer Gmbh<\/strong><br>Firma Bauspenglerei Thomas Reiterer Gmbh unterst\u00fctzte uns mit wetterfesten Beschriftungstafeln f\u00fcr unseren Grafenwald Parcours.<\/td><td><a href=\"https:\/\/www.bauspengler.cc\/\" target=\"_blank\" rel=\"noreferrer noopener\"><img decoding=\"async\" style=\"width: 200px;\" src=\"\/bsv-wp\/wp-content\/images\/sponsoren\/sponsor-reiterer.png\" alt=\"Reiterer\"><\/a><\/td><\/tr><tr><td><strong>Quorum Consulting GmbH<\/strong><br>&#8230; \u00fcbernahm die Patenschaft f\u00fcr ein 3D Tier am Grafenwald Parcours.<\/td><td><a href=\"https:\/\/www.quorum.at\/\" target=\"_blank\" rel=\"noreferrer noopener\"><img decoding=\"async\" style=\"width: 200px;\" src=\"\/bsv-wp\/wp-content\/images\/sponsoren\/sponsor-quorum.png\" alt=\"Quorum\"><\/a><\/td><\/tr><\/tbody><\/table><\/figure>\n\n\n<p><\/p>\n<p><\/p><center>**************************************************<\/center><p><\/p>\n<p>Ohne Sponsoring ist ein Sportverein heutzutage wohl nicht machbar. Finanzielle Unterst\u00fctzung oder direkte F\u00f6rderung &#8211; etwa durch Bereitstellung von Sportausr\u00fcstung &#8211; sind f\u00fcr uns daher wichtig und unverzichtbar. Die Unterst\u00fctzung des Vereins und unserer Mitglieder durch Firmen oder Privatpersonen wird von uns immer hervorgehoben und bietet bei Bewerben, \u00f6ffentlichen Auftritten, beim Training und auf unserer Webseite allen Sponsoren die Gelegenheit, durch geeignete Werbemittel (Tafeln, Transparente o.\u00e4.) auf ihr Engagement f\u00fcr den Bogensport hinzuweisen. Wir legen gr\u00f6\u00dften Wert auf die Zusammenarbeit mit unseren G\u00f6nnern und bieten auch die M\u00f6glichkeit einer Patenschaft f\u00fcr eines (oder mehrere \ud83d\ude09 ) der 3D-Tiere unseres Parcours. Sollten Sie oder Ihr Unternehmen Interesse daran haben, stehen wir jederzeit gerne f\u00fcr ein pers\u00f6nliches Gespr\u00e4ch zur Verf\u00fcgung.<\/p>\n<p><img decoding=\"async\" class=\"aligncenter \" src=\"\/bsv-wp\/wp-content\/images\/sponsoren\/sponsor-baer.jpg\" alt=\"baer\" width=\"300\"><\/p>\n\n\n<center><hr style=\"border: solid #009900 1px; width: 80%;\"><\/center>\n\n\n<nav class=\"is-responsive items-justified-center wp-block-navigation is-content-justification-center is-layout-flex wp-container-core-navigation-is-layout-16018d1d wp-block-navigation-is-layout-flex\" aria-label=\"Navigation 2\" \n\t\t data-wp-interactive=\"core\/navigation\" data-wp-context='{\"overlayOpenedBy\":{\"click\":false,\"hover\":false,\"focus\":false},\"type\":\"overlay\",\"roleAttribute\":\"\",\"ariaLabel\":\"Men\\u00fc\"}'><button aria-haspopup=\"dialog\" aria-label=\"Men\u00fc \u00f6ffnen\" class=\"wp-block-navigation__responsive-container-open\" \n\t\t\t\tdata-wp-on--click=\"actions.openMenuOnClick\"\n\t\t\t\tdata-wp-on--keydown=\"actions.handleMenuKeydown\"\n\t\t\t><svg width=\"24\" height=\"24\" xmlns=\"http:\/\/www.w3.org\/2000\/svg\" viewBox=\"0 0 24 24\" aria-hidden=\"true\" focusable=\"false\"><path d=\"M4 7.5h16v1.5H4z\"><\/path><path d=\"M4 15h16v1.5H4z\"><\/path><\/svg><\/button>\n\t\t\t\t<div class=\"wp-block-navigation__responsive-container\"  id=\"modal-1\" \n\t\t\t\tdata-wp-class--has-modal-open=\"state.isMenuOpen\"\n\t\t\t\tdata-wp-class--is-menu-open=\"state.isMenuOpen\"\n\t\t\t\tdata-wp-watch=\"callbacks.initMenu\"\n\t\t\t\tdata-wp-on--keydown=\"actions.handleMenuKeydown\"\n\t\t\t\tdata-wp-on--focusout=\"actions.handleMenuFocusout\"\n\t\t\t\ttabindex=\"-1\"\n\t\t\t>\n\t\t\t\t\t<div class=\"wp-block-navigation__responsive-close\" tabindex=\"-1\">\n\t\t\t\t\t\t<div class=\"wp-block-navigation__responsive-dialog\" \n\t\t\t\tdata-wp-bind--aria-modal=\"state.ariaModal\"\n\t\t\t\tdata-wp-bind--aria-label=\"state.ariaLabel\"\n\t\t\t\tdata-wp-bind--role=\"state.roleAttribute\"\n\t\t\t>\n\t\t\t\t\t\t\t<button aria-label=\"Men\u00fc schlie\u00dfen\" class=\"wp-block-navigation__responsive-container-close\" \n\t\t\t\tdata-wp-on--click=\"actions.closeMenuOnClick\"\n\t\t\t><svg xmlns=\"http:\/\/www.w3.org\/2000\/svg\" viewBox=\"0 0 24 24\" width=\"24\" height=\"24\" aria-hidden=\"true\" focusable=\"false\"><path d=\"m13.06 12 6.47-6.47-1.06-1.06L12 10.94 5.53 4.47 4.47 5.53 10.94 12l-6.47 6.47 1.06 1.06L12 13.06l6.47 6.47 1.06-1.06L13.06 12Z\"><\/path><\/svg><\/button>\n\t\t\t\t\t\t\t<div class=\"wp-block-navigation__responsive-container-content\" \n\t\t\t\tdata-wp-watch=\"callbacks.focusFirstElement\"\n\t\t\t id=\"modal-1-content\">\n\t\t\t\t\t\t\t\t<ul class=\"wp-block-navigation__container is-responsive items-justified-center wp-block-navigation\"><li class=\" wp-block-navigation-item wp-block-navigation-link\"><a class=\"wp-block-navigation-item__content\"  href=\"https:\/\/www.bsv-russbachtal.at\/bsv-wp\/verein\/\"><span class=\"wp-block-navigation-item__label\">Verein<\/span><\/a><\/li><li class=\" wp-block-navigation-item wp-block-navigation-link\"><a class=\"wp-block-navigation-item__content\"  href=\"https:\/\/www.bsv-russbachtal.at\/bsv-wp\/vorstand\/\"><span class=\"wp-block-navigation-item__label\">Vorstand<\/span><\/a><\/li><li class=\" wp-block-navigation-item wp-block-navigation-link\"><a class=\"wp-block-navigation-item__content\"  href=\"https:\/\/www.bsv-russbachtal.at\/bsv-wp\/mitgliedschaft\/\"><span class=\"wp-block-navigation-item__label\">Mitgliedschaft<\/span><\/a><\/li><li class=\" wp-block-navigation-item wp-block-navigation-link\"><a class=\"wp-block-navigation-item__content\"  href=\"https:\/\/www.bsv-russbachtal.at\/bsv-wp\/statuten\/\"><span class=\"wp-block-navigation-item__label\">Statuten<\/span><\/a><\/li><li class=\" wp-block-navigation-item wp-block-navigation-link\"><a class=\"wp-block-navigation-item__content\"  href=\"https:\/\/www.bsv-russbachtal.at\/bsv-wp\/scheibenplatz\/\"><span class=\"wp-block-navigation-item__label\">Scheibenplatz<\/span><\/a><\/li><li class=\" wp-block-navigation-item wp-block-navigation-link\"><a class=\"wp-block-navigation-item__content\"  href=\"https:\/\/www.bsv-russbachtal.at\/bsv-wp\/parcours\/\"><span class=\"wp-block-navigation-item__label\">3D-Parcours<\/span><\/a><\/li><li class=\" wp-block-navigation-item wp-block-navigation-link\"><a class=\"wp-block-navigation-item__content\"  href=\"https:\/\/www.bsv-russbachtal.at\/bsv-wp\/sponsoren\/\"><span class=\"wp-block-navigation-item__label\">Sponsoren<\/span><\/a><\/li><li class=\" wp-block-navigation-item wp-block-navigation-link\"><a class=\"wp-block-navigation-item__content\"  href=\"https:\/\/www.bsv-russbachtal.at\/bsv-wp\/fragen-und-antworten\/\"><span class=\"wp-block-navigation-item__label\">Fragen und Antworten<\/span><\/a><\/li><\/ul>\n\t\t\t\t\t\t\t<\/div>\n\t\t\t\t\t\t<\/div>\n\t\t\t\t\t<\/div>\n\t\t\t\t<\/div><\/nav>","protected":false},"excerpt":{"rendered":"<p>Sponsoring, A &amp; O f\u00fcr das \u00dcberleben eines jeden Vereins Hier wollen wir all jenen Danke sagen, die uns durch Geld- oder Sachspende geholfen haben bzw. laufend helfen: &nbsp; ArtliveDanke an die Firma Artlive, welche unsere Vereinsbekleidung mit dem Vereinslogo<\/p>\n","protected":false},"author":1,"featured_media":0,"parent":0,"menu_order":0,"comment_status":"closed","ping_status":"closed","template":"","meta":{"footnotes":""},"class_list":["post-347","page","type-page","status-publish","hentry"],"_links":{"self":[{"href":"https:\/\/www.bsv-russbachtal.at\/bsv-wp\/wp-json\/wp\/v2\/pages\/347","targetHints":{"allow":["GET"]}}],"collection":[{"href":"https:\/\/www.bsv-russbachtal.at\/bsv-wp\/wp-json\/wp\/v2\/pages"}],"about":[{"href":"https:\/\/www.bsv-russbachtal.at\/bsv-wp\/wp-json\/wp\/v2\/types\/page"}],"author":[{"embeddable":true,"href":"https:\/\/www.bsv-russbachtal.at\/bsv-wp\/wp-json\/wp\/v2\/users\/1"}],"replies":[{"embeddable":true,"href":"https:\/\/www.bsv-russbachtal.at\/bsv-wp\/wp-json\/wp\/v2\/comments?post=347"}],"version-history":[{"count":3,"href":"https:\/\/www.bsv-russbachtal.at\/bsv-wp\/wp-json\/wp\/v2\/pages\/347\/revisions"}],"predecessor-version":[{"id":1750,"href":"https:\/\/www.bsv-russbachtal.at\/bsv-wp\/wp-json\/wp\/v2\/pages\/347\/revisions\/1750"}],"wp:attachment":[{"href":"https:\/\/www.bsv-russbachtal.at\/bsv-wp\/wp-json\/wp\/v2\/media?parent=347"}],"curies":[{"name":"wp","href":"https:\/\/api.w.org\/{rel}","templated":true}]}}