{"id":338,"date":"2014-10-14T17:27:26","date_gmt":"2014-10-14T15:27:26","guid":{"rendered":"https:\/\/bsv.emil-dc.eu\/?page_id=338"},"modified":"2023-01-09T13:23:14","modified_gmt":"2023-01-09T12:23:14","slug":"schiessplatzordnung","status":"publish","type":"page","link":"https:\/\/www.bsv-russbachtal.at\/bsv-wp\/schiessplatzordnung\/","title":{"rendered":"Schie\u00dfplatzordnung"},"content":{"rendered":"<p>Nachstehende Schie\u00dfplatzordnung regelt unser Verhalten am Scheibenplatz. Sie klingt fast wie ein Auszug aus dem ABGB. Bitte versteht, dass diese Form aus haftungstechnischen Gr\u00fcnden gewahrt bleiben muss.<\/p>\n<ol>\n<li>Das Betreten des Schie\u00dfplatzes erfolgt <strong>auf eigene Gefahr<\/strong>. Alkoholisierten Personen ist die Ben\u00fctzung des Schie\u00dfplatzes verboten.<\/li>\n<li>Die Ben\u00fctzung der Schie\u00dfanlage ist nur den Personen erlaubt, die die <strong>Platzreife<\/strong> erfolgreich nachgewiesen haben.<\/li>\n<li>Jeder <strong>Sch\u00fctze haftet f\u00fcr sich<\/strong> und seine T\u00e4tigkeit.<\/li>\n<li><strong>Kinder<\/strong> d\u00fcrfen die Schie\u00dfanlage nur im Beisein eines Erwachsenen (Familien.- oder Partnerkarte) welcher die daf\u00fcr n\u00f6tige Platzreife besitzt ben\u00fctzen. Daf\u00fcr hat die Aufsichtsperson die Kinder zur Schusslinie zu begleiten und w\u00e4hrend des Schie\u00dfdurchganges dauernd zu beaufsichtigen. Dabei hat sich die Aufsichtsperson hinter dem Kind oder allenfalls auf der Seite der Bogenhand aufzuhalten, jedenfalls aber <strong>HINTER<\/strong> der Schusslinie.<\/li>\n<li>Bei <strong>Jugendlichen<\/strong> haften die Eltern bzw. der in der Anmeldung eingetragene Verantwortliche (Partnerkarte).<\/li>\n<li>Eltern haften f\u00fcr ihre Kinder.<\/li>\n<li><strong>Aufstellung an der Schie\u00dflinie<\/strong> nehmen hei\u00dft, ein Bein VOR und ein Bein HINTER der Abschusslinie (diese verl\u00e4uft ZWISCHEN den Beinen). Somit ist gew\u00e4hrleistet, dass alle Sch\u00fctzen auf einer Linie stehen.<\/li>\n<li><strong>Pfeile<\/strong> d\u00fcrfen nur an der <strong>Schie\u00dflinie<\/strong> auf die Sehne <strong>eingenockt<\/strong> werden. Dabei hat die Pfeilspitze immer Richtung Zielscheibe oder zur Erde zu zeigen.<\/li>\n<li>Das <strong>Aufziehen<\/strong> des Bogens <strong>\u00fcber der Horizontalebene ist verboten<\/strong>.<\/li>\n<li>Stehen einer oder mehrere Sch\u00fctzen an der Schie\u00dflinie, so darf <strong>kein<\/strong> anderer Anwesender <strong>vor die Schie\u00dflinie<\/strong> treten und sich zwischen Sch\u00fctzen und Zielscheibe befinden. Geschieht dies trotzdem, haben die Sch\u00fctzen sofort den Bogen zu senken (Pfeilspitze zeigt zur Erde) und den Betreffenden sofort aufzufordern, hinter die Abschusslinie zu treten. Im Wiederholungsfall haben die Anwesenden das Recht, die Person vom Schie\u00dfen auszuschlie\u00dfen und\/oder in den Bereich hinter die Sicherheitszone zu verweisen.<\/li>\n<li><strong>Pfeile<\/strong>, welche kurz nach der Abschusslinie <strong>zu Boden fallen<\/strong> (Nockbruch, Releasefehler etc), d\u00fcrfen erst dann aufgehoben werden, wenn alle Sch\u00fctzen mit ihrer Serie fertig sind (siehe Pkt. 12)<\/li>\n<li><strong>Pfeile<\/strong> d\u00fcrfen erst dann von der Zielscheibe <strong>geholt<\/strong> werden, wenn alle an der Abschusslinie stehenden Sch\u00fctzen durch eindeutige Zeichen (Hand heben, Bogen absenken oder durch Aussprechen des Wortes &#8222;FERTIG&#8221;) den anderen Sch\u00fctzen mitteilen, dass sie mit dieser Serie Pfeile fertig sind. Werden die Pfeile dann geholt, ist durch Absprache der Sch\u00fctzen sicher zu stellen, dass auch alle Sch\u00fctzen wieder an die Schusslinie zur\u00fcckgekehrt sind und sich niemand mehr im Bereich der Scheibenst\u00e4nder befindet (Pfeilsuchen und dabei durch einen Scheibenst\u00e4nder &#8222;verdeckt&#8221;).<\/li>\n<li>Ert\u00f6nt der Ruf &#8222;<strong>ABSETZEN<\/strong>&#8221;, so haben ALLE sich an der Schusslinie befindlichen Sch\u00fctzen <strong>UNVERZ\u00dcGLICH<\/strong> den Bogen abzusetzen und keine weiteren Schie\u00dfhandlungen mehr zu setzen.<\/li>\n<li><strong>Jeder<\/strong> Sch\u00fctze ist <strong>f\u00fcr seine Ausr\u00fcstung verantwortlich<\/strong>.<\/li>\n<li>Sch\u00fctzen haben das Recht, <strong>Nichtsch\u00fctzen<\/strong> aus der Sicherheitszone zu verweisen.<\/li>\n<li>Alle Mitglieder sind verpflichtet, am Schie\u00dfplatz auf <strong>Sauberkeit<\/strong> zu achten und den anfallenden M\u00fcll fachgerecht zu entsorgen. Weiters haben sie die Pflicht, die Schie\u00dfanlage sowie allf\u00e4llig dazugeh\u00f6rige Clubanlagen sorgf\u00e4ltig zu behandeln und etwaige Besch\u00e4digungen entweder selber zu reparieren oder dies dem Vorstand zu melden.<\/li>\n<li><strong>Bei Nichtbefolgung<\/strong> der Schie\u00dfplatzordnung <strong>kann<\/strong> die Person vom Schie\u00dfbetrieb <strong>ausgeschlossen<\/strong> <strong>werden<\/strong>. Im Wiederholungsfall kann die Person aus dem Verein ausgeschlossen und\/oder ihr das k\u00fcnftige Betreten des Platzes untersagt werden.<\/li>\n<li>Den Anordnungen des <strong>Platzwartes<\/strong> (schriftlich oder m\u00fcndlich) sind <strong>UNBEDINGT Folge zu leisten<\/strong> (z.B. Aushang der Platzsperre wegen Instandhaltungsarbeiten etc.).<\/li>\n<\/ol>\n<p>Diesbez\u00fcglich ist die Aushangtafel bei der Sicherheitszone zu beachten. <\/p>\n<p>In diesem Sinne w\u00fcnschen wir Euch ALLE INS GOLD und viel Spa\u00df auf unserem Scheibenplatz!<br \/>\n<em>Der Vorstand des BSV-Russbachtal<\/em><\/p>\n","protected":false},"excerpt":{"rendered":"<p>Nachstehende Schie\u00dfplatzordnung regelt unser Verhalten am Scheibenplatz. Sie klingt fast wie ein Auszug aus dem ABGB. Bitte versteht, dass diese Form aus haftungstechnischen Gr\u00fcnden gewahrt bleiben muss. Das Betreten des Schie\u00dfplatzes erfolgt auf eigene Gefahr. Alkoholisierten Personen ist die Ben\u00fctzung<\/p>\n","protected":false},"author":1,"featured_media":0,"parent":0,"menu_order":0,"comment_status":"closed","ping_status":"closed","template":"","meta":{"footnotes":""},"class_list":["post-338","page","type-page","status-publish","hentry"],"_links":{"self":[{"href":"https:\/\/www.bsv-russbachtal.at\/bsv-wp\/wp-json\/wp\/v2\/pages\/338","targetHints":{"allow":["GET"]}}],"collection":[{"href":"https:\/\/www.bsv-russbachtal.at\/bsv-wp\/wp-json\/wp\/v2\/pages"}],"about":[{"href":"https:\/\/www.bsv-russbachtal.at\/bsv-wp\/wp-json\/wp\/v2\/types\/page"}],"author":[{"embeddable":true,"href":"https:\/\/www.bsv-russbachtal.at\/bsv-wp\/wp-json\/wp\/v2\/users\/1"}],"replies":[{"embeddable":true,"href":"https:\/\/www.bsv-russbachtal.at\/bsv-wp\/wp-json\/wp\/v2\/comments?post=338"}],"version-history":[{"count":3,"href":"https:\/\/www.bsv-russbachtal.at\/bsv-wp\/wp-json\/wp\/v2\/pages\/338\/revisions"}],"predecessor-version":[{"id":346,"href":"https:\/\/www.bsv-russbachtal.at\/bsv-wp\/wp-json\/wp\/v2\/pages\/338\/revisions\/346"}],"wp:attachment":[{"href":"https:\/\/www.bsv-russbachtal.at\/bsv-wp\/wp-json\/wp\/v2\/media?parent=338"}],"curies":[{"name":"wp","href":"https:\/\/api.w.org\/{rel}","templated":true}]}}