{"id":3,"date":"2010-10-12T00:05:34","date_gmt":"2010-10-11T22:05:34","guid":{"rendered":"https:\/\/bsv.emil-dc.eu\/?page_id=3"},"modified":"2023-01-09T13:19:59","modified_gmt":"2023-01-09T12:19:59","slug":"impressum","status":"publish","type":"page","link":"https:\/\/www.bsv-russbachtal.at\/bsv-wp\/impressum\/","title":{"rendered":"Impressum"},"content":{"rendered":"<h2>F\u00fcr den Inhalt verantwortlich:<\/h2>\n<p>BSV-Ru\u00dfbachtal<br \/>\n2120 Wolkersdorf<\/p>\n<h3>Herausgeber und Medieninhaber:<\/h3>\n<p>BSV-Ru\u00dfbachtal<br \/>\nZVR-Zahl 416202607<\/p>\n<h3>Bankverbindung:<\/h3>\n<p>Raiffeisenkassa Wolkersdorf<br \/>\nIBAN: AT25 3295 1000 0006 6076<br \/>\nBIC: RLNWATWWWDF<\/p>\n<p>&copy; BSV-Ru\u00dfbachtal &#8211; Alle Rechte vorbehalten! \u00c4nderungen jederzeit vorbehalten. F\u00fcr Irrt\u00fcmer und Fehler kann keine Haftung \u00fcbernommen werden. Die auf dieser Website publizierten Bilder, Medien und Texte sind urheberrechtlich gesch\u00fctzt. Soweit nicht anders angegeben liegt das Copyright beim Medieninhaber (siehe oben). Jegliche Vervielf\u00e4ltigung und\/oder kommerzielle Nutzung ist strengstens untersagt. Eine Weiterverwendung von Inhalten dieser Website bedarf der ausdr\u00fccklichen schriftlichen Genehmigung des Medieninhabers.<\/p>\n<p>Offenlegung gem. \u00a7 25 MedienG:<br \/>\nMedieninhaber: BSV-Ru\u00dfbachtal, A-2120 Wolkersdorf<\/p>\n<p>Grundlegende Richtung der Internetseite: Bereitstellung von Informationen vom Verein BSV-Ru\u00dfbachtal.<br \/>\nDiese Internetseite bietet Informationen, Pr\u00e4sentationen und Materialen \u00fcber den Verein BSV-Ru\u00dfbachtal.<\/p>\n","protected":false},"excerpt":{"rendered":"<p>F\u00fcr den Inhalt verantwortlich: BSV-Ru\u00dfbachtal 2120 Wolkersdorf Herausgeber und Medieninhaber: BSV-Ru\u00dfbachtal ZVR-Zahl 416202607 Bankverbindung: Raiffeisenkassa Wolkersdorf IBAN: AT25 3295 1000 0006 6076 BIC: RLNWATWWWDF &copy; BSV-Ru\u00dfbachtal &#8211; Alle Rechte vorbehalten! \u00c4nderungen jederzeit vorbehalten. F\u00fcr Irrt\u00fcmer und Fehler kann keine Haftung<\/p>\n","protected":false},"author":1,"featured_media":0,"parent":0,"menu_order":0,"comment_status":"closed","ping_status":"closed","template":"","meta":{"footnotes":""},"class_list":["post-3","page","type-page","status-publish","hentry"],"_links":{"self":[{"href":"https:\/\/www.bsv-russbachtal.at\/bsv-wp\/wp-json\/wp\/v2\/pages\/3","targetHints":{"allow":["GET"]}}],"collection":[{"href":"https:\/\/www.bsv-russbachtal.at\/bsv-wp\/wp-json\/wp\/v2\/pages"}],"about":[{"href":"https:\/\/www.bsv-russbachtal.at\/bsv-wp\/wp-json\/wp\/v2\/types\/page"}],"author":[{"embeddable":true,"href":"https:\/\/www.bsv-russbachtal.at\/bsv-wp\/wp-json\/wp\/v2\/users\/1"}],"replies":[{"embeddable":true,"href":"https:\/\/www.bsv-russbachtal.at\/bsv-wp\/wp-json\/wp\/v2\/comments?post=3"}],"version-history":[{"count":1,"href":"https:\/\/www.bsv-russbachtal.at\/bsv-wp\/wp-json\/wp\/v2\/pages\/3\/revisions"}],"predecessor-version":[{"id":4,"href":"https:\/\/www.bsv-russbachtal.at\/bsv-wp\/wp-json\/wp\/v2\/pages\/3\/revisions\/4"}],"wp:attachment":[{"href":"https:\/\/www.bsv-russbachtal.at\/bsv-wp\/wp-json\/wp\/v2\/media?parent=3"}],"curies":[{"name":"wp","href":"https:\/\/api.w.org\/{rel}","templated":true}]}}