{"id":23,"date":"2023-01-06T00:49:25","date_gmt":"2023-01-05T23:49:25","guid":{"rendered":"https:\/\/bsv.emil-dc.eu\/?page_id=23"},"modified":"2023-12-21T11:00:42","modified_gmt":"2023-12-21T10:00:42","slug":"mitgliedschaft","status":"publish","type":"page","link":"https:\/\/www.bsv-russbachtal.at\/bsv-wp\/mitgliedschaft\/","title":{"rendered":"Mitgliedschaft"},"content":{"rendered":"<p>Du m\u00f6chtest dem BSV-Ru\u00dfbachtal beitreten? Hier die n\u00f6tigen Informationen dazu.<\/p>\n<h2>Arten der Mitgliedschaft:<\/h2>\n<ol>\n<li><strong>Ordentliche Mitglieder:<\/strong><br \/>Verpflichtung zur Mitarbeit bei Instandhaltung usw., mit Stimmrecht, passivem und aktivem Wahlrecht. Kostenlose Nutzung aller Sportst\u00e4tten des Vereins.<\/li>\n<li><strong>Au\u00dferordentliche Mitglieder:<\/strong><br \/>Diese haben keine Verpflichtung zur Mitarbeit, aber auch kein Stimm- oder Wahlrecht. Kostenlose Nutzung aller Sportst\u00e4tten des Vereins.<\/li>\n<li><strong>Scheibenplatz-Mitglieder:<\/strong><br \/>gilt nur f\u00fcr Scheibenplatz in Wolkersdorf, Verpflichtung zur Mitarbeit am Scheibenplatz, kein Stimm- oder Wahlrecht.<\/li>\n<\/ol>\n<p>\u00dcber die Aufnahme entscheidet der Vorstand, der diese nach den Statuten ohne Angabe von Gr\u00fcnden verweigern kann. Im Falle der Aufnahme ist pro Anmeldung (Standard, Jugend, Partner, Familie) eine <strong><em>einmalige Einschreibgeb\u00fchr<\/em><\/strong> zu entrichten.<\/p>\n<p>Die H\u00f6he der j\u00e4hrlichen Mitgliedsbeitr\u00e4ge richtet sich grunds\u00e4tzlich auch nach dem Alter:<\/p>\n\n\n<figure class=\"wp-block-table is-style-stripes\"><table><thead><tr><th class=\"has-text-align-left\" data-align=\"left\">Arten der Mitgliedschaft (Jahresbeitrag)<\/th><th class=\"has-text-align-right\" data-align=\"right\">&nbsp;<strong>Ordentliche<\/strong><br><strong>Mitgliedschaft<\/strong><\/th><th class=\"has-text-align-right\" data-align=\"right\">&nbsp;<strong>Au\u00dferordentliche<\/strong><br><strong>Mitgliedschaft<\/strong><\/th><th class=\"has-text-align-right\" data-align=\"right\"><strong>Scheibenplatz<\/strong><br><strong>Mitgliedschaft<\/strong><\/th><\/tr><\/thead><tbody><tr><td class=\"has-text-align-left\" data-align=\"left\"><strong>Jugend<\/strong> (ab 14 Jahren):<\/td><td class=\"has-text-align-right\" data-align=\"right\">\u20ac 65,00<\/td><td class=\"has-text-align-right\" data-align=\"right\">\u20ac 95,00<\/td><td class=\"has-text-align-right\" data-align=\"right\">\u20ac 30,00<\/td><\/tr><tr><td class=\"has-text-align-left\" data-align=\"left\"><strong>Standard <\/strong>(ab 18 Jahren):<\/td><td class=\"has-text-align-right\" data-align=\"right\">\u20ac 130,00<\/td><td class=\"has-text-align-right\" data-align=\"right\">\u20ac 190,00<\/td><td class=\"has-text-align-right\" data-align=\"right\">\u20ac 80,00<\/td><\/tr><tr><td class=\"has-text-align-left\" data-align=\"left\"><strong>Partner<\/strong> (Ehe-\/Lebenspartner):<\/td><td class=\"has-text-align-right\" data-align=\"right\">\u20ac 220,00<\/td><td class=\"has-text-align-right\" data-align=\"right\">\u20ac 325,00<\/td><td class=\"has-text-align-right\" data-align=\"right\">\u20ac 150,00<\/td><\/tr><tr><td class=\"has-text-align-left\" data-align=\"left\"><strong>Familie<\/strong> (Eltern und minderj\u00e4hrige Kinder):<\/td><td class=\"has-text-align-right\" data-align=\"right\">\u20ac 260,00<\/td><td class=\"has-text-align-right\" data-align=\"right\">\u20ac 385,00<\/td><td class=\"has-text-align-right\" data-align=\"right\">\u20ac 190,00<\/td><\/tr><\/tbody><\/table><\/figure>\n\n\n<p>Die eigenst\u00e4ndige Benutzung der vereinseigenen Bogensportanlagen ist an den Nachweis der Platz- bzw. Parcours-Reife gebunden, die im Regelfall mit einer vereinsinternen Schulung durch die staatlich gepr\u00fcften \u00dcbungsleiter des BSV Ru\u00dfbachtal in jeweils drei mal drei Stunden erworben wird. Die Terminvereinbarung erfolgt mit den \u00dcbungsleitern.<\/p>\n<p>Statuten, Datenschutzerkl\u00e4rung nach Artikel 13 DSGVO sowie ein Beitrittsformular sind als <a href=\"\/bsv-wp\/downloads\"><strong>Downloads<\/strong><\/a> verf\u00fcgbar und liegen auch im Vereinshaus zur Einsicht auf. Auf Wunsch wird ein schriftliches Exemplar ausgefolgt.<\/p>\n\n\n<center><hr style=\"border: solid #009900 1px; width: 80%;\"><\/center>\n\n\n<nav class=\"is-responsive items-justified-center wp-block-navigation is-content-justification-center is-layout-flex wp-container-core-navigation-is-layout-16018d1d wp-block-navigation-is-layout-flex\" aria-label=\"Navigation 2\" \n\t\t data-wp-interactive=\"core\/navigation\" data-wp-context='{\"overlayOpenedBy\":{\"click\":false,\"hover\":false,\"focus\":false},\"type\":\"overlay\",\"roleAttribute\":\"\",\"ariaLabel\":\"Men\\u00fc\"}'><button aria-haspopup=\"dialog\" aria-label=\"Men\u00fc \u00f6ffnen\" class=\"wp-block-navigation__responsive-container-open\" \n\t\t\t\tdata-wp-on--click=\"actions.openMenuOnClick\"\n\t\t\t\tdata-wp-on--keydown=\"actions.handleMenuKeydown\"\n\t\t\t><svg width=\"24\" height=\"24\" xmlns=\"http:\/\/www.w3.org\/2000\/svg\" viewBox=\"0 0 24 24\" aria-hidden=\"true\" focusable=\"false\"><path d=\"M4 7.5h16v1.5H4z\"><\/path><path d=\"M4 15h16v1.5H4z\"><\/path><\/svg><\/button>\n\t\t\t\t<div class=\"wp-block-navigation__responsive-container\"  id=\"modal-1\" \n\t\t\t\tdata-wp-class--has-modal-open=\"state.isMenuOpen\"\n\t\t\t\tdata-wp-class--is-menu-open=\"state.isMenuOpen\"\n\t\t\t\tdata-wp-watch=\"callbacks.initMenu\"\n\t\t\t\tdata-wp-on--keydown=\"actions.handleMenuKeydown\"\n\t\t\t\tdata-wp-on--focusout=\"actions.handleMenuFocusout\"\n\t\t\t\ttabindex=\"-1\"\n\t\t\t>\n\t\t\t\t\t<div class=\"wp-block-navigation__responsive-close\" tabindex=\"-1\">\n\t\t\t\t\t\t<div class=\"wp-block-navigation__responsive-dialog\" \n\t\t\t\tdata-wp-bind--aria-modal=\"state.ariaModal\"\n\t\t\t\tdata-wp-bind--aria-label=\"state.ariaLabel\"\n\t\t\t\tdata-wp-bind--role=\"state.roleAttribute\"\n\t\t\t>\n\t\t\t\t\t\t\t<button aria-label=\"Men\u00fc schlie\u00dfen\" class=\"wp-block-navigation__responsive-container-close\" \n\t\t\t\tdata-wp-on--click=\"actions.closeMenuOnClick\"\n\t\t\t><svg xmlns=\"http:\/\/www.w3.org\/2000\/svg\" viewBox=\"0 0 24 24\" width=\"24\" height=\"24\" aria-hidden=\"true\" focusable=\"false\"><path d=\"m13.06 12 6.47-6.47-1.06-1.06L12 10.94 5.53 4.47 4.47 5.53 10.94 12l-6.47 6.47 1.06 1.06L12 13.06l6.47 6.47 1.06-1.06L13.06 12Z\"><\/path><\/svg><\/button>\n\t\t\t\t\t\t\t<div class=\"wp-block-navigation__responsive-container-content\" \n\t\t\t\tdata-wp-watch=\"callbacks.focusFirstElement\"\n\t\t\t id=\"modal-1-content\">\n\t\t\t\t\t\t\t\t<ul class=\"wp-block-navigation__container is-responsive items-justified-center wp-block-navigation\"><li class=\" wp-block-navigation-item wp-block-navigation-link\"><a class=\"wp-block-navigation-item__content\"  href=\"https:\/\/www.bsv-russbachtal.at\/bsv-wp\/verein\/\"><span class=\"wp-block-navigation-item__label\">Verein<\/span><\/a><\/li><li class=\" wp-block-navigation-item wp-block-navigation-link\"><a class=\"wp-block-navigation-item__content\"  href=\"https:\/\/www.bsv-russbachtal.at\/bsv-wp\/vorstand\/\"><span class=\"wp-block-navigation-item__label\">Vorstand<\/span><\/a><\/li><li class=\" wp-block-navigation-item wp-block-navigation-link\"><a class=\"wp-block-navigation-item__content\"  href=\"https:\/\/www.bsv-russbachtal.at\/bsv-wp\/mitgliedschaft\/\"><span class=\"wp-block-navigation-item__label\">Mitgliedschaft<\/span><\/a><\/li><li class=\" wp-block-navigation-item wp-block-navigation-link\"><a class=\"wp-block-navigation-item__content\"  href=\"https:\/\/www.bsv-russbachtal.at\/bsv-wp\/statuten\/\"><span class=\"wp-block-navigation-item__label\">Statuten<\/span><\/a><\/li><li class=\" wp-block-navigation-item wp-block-navigation-link\"><a class=\"wp-block-navigation-item__content\"  href=\"https:\/\/www.bsv-russbachtal.at\/bsv-wp\/scheibenplatz\/\"><span class=\"wp-block-navigation-item__label\">Scheibenplatz<\/span><\/a><\/li><li class=\" wp-block-navigation-item wp-block-navigation-link\"><a class=\"wp-block-navigation-item__content\"  href=\"https:\/\/www.bsv-russbachtal.at\/bsv-wp\/parcours\/\"><span class=\"wp-block-navigation-item__label\">3D-Parcours<\/span><\/a><\/li><li class=\" wp-block-navigation-item wp-block-navigation-link\"><a class=\"wp-block-navigation-item__content\"  href=\"https:\/\/www.bsv-russbachtal.at\/bsv-wp\/sponsoren\/\"><span class=\"wp-block-navigation-item__label\">Sponsoren<\/span><\/a><\/li><li class=\" wp-block-navigation-item wp-block-navigation-link\"><a class=\"wp-block-navigation-item__content\"  href=\"https:\/\/www.bsv-russbachtal.at\/bsv-wp\/fragen-und-antworten\/\"><span class=\"wp-block-navigation-item__label\">Fragen und Antworten<\/span><\/a><\/li><\/ul>\n\t\t\t\t\t\t\t<\/div>\n\t\t\t\t\t\t<\/div>\n\t\t\t\t\t<\/div>\n\t\t\t\t<\/div><\/nav>","protected":false},"excerpt":{"rendered":"<p>Du m\u00f6chtest dem BSV-Ru\u00dfbachtal beitreten? Hier die n\u00f6tigen Informationen dazu. Arten der Mitgliedschaft: Ordentliche Mitglieder:Verpflichtung zur Mitarbeit bei Instandhaltung usw., mit Stimmrecht, passivem und aktivem Wahlrecht. Kostenlose Nutzung aller Sportst\u00e4tten des Vereins. Au\u00dferordentliche Mitglieder:Diese haben keine Verpflichtung zur Mitarbeit, aber<\/p>\n","protected":false},"author":1,"featured_media":0,"parent":0,"menu_order":0,"comment_status":"closed","ping_status":"closed","template":"","meta":{"footnotes":""},"class_list":["post-23","page","type-page","status-publish","hentry"],"_links":{"self":[{"href":"https:\/\/www.bsv-russbachtal.at\/bsv-wp\/wp-json\/wp\/v2\/pages\/23","targetHints":{"allow":["GET"]}}],"collection":[{"href":"https:\/\/www.bsv-russbachtal.at\/bsv-wp\/wp-json\/wp\/v2\/pages"}],"about":[{"href":"https:\/\/www.bsv-russbachtal.at\/bsv-wp\/wp-json\/wp\/v2\/types\/page"}],"author":[{"embeddable":true,"href":"https:\/\/www.bsv-russbachtal.at\/bsv-wp\/wp-json\/wp\/v2\/users\/1"}],"replies":[{"embeddable":true,"href":"https:\/\/www.bsv-russbachtal.at\/bsv-wp\/wp-json\/wp\/v2\/comments?post=23"}],"version-history":[{"count":3,"href":"https:\/\/www.bsv-russbachtal.at\/bsv-wp\/wp-json\/wp\/v2\/pages\/23\/revisions"}],"predecessor-version":[{"id":2067,"href":"https:\/\/www.bsv-russbachtal.at\/bsv-wp\/wp-json\/wp\/v2\/pages\/23\/revisions\/2067"}],"wp:attachment":[{"href":"https:\/\/www.bsv-russbachtal.at\/bsv-wp\/wp-json\/wp\/v2\/media?parent=23"}],"curies":[{"name":"wp","href":"https:\/\/api.w.org\/{rel}","templated":true}]}}