{"id":11,"date":"2023-01-06T00:34:46","date_gmt":"2023-01-05T23:34:46","guid":{"rendered":"https:\/\/bsv.emil-dc.eu\/?page_id=11"},"modified":"2024-05-17T11:29:52","modified_gmt":"2024-05-17T09:29:52","slug":"kontakt","status":"publish","type":"page","link":"https:\/\/www.bsv-russbachtal.at\/bsv-wp\/kontakt\/","title":{"rendered":"Kontakt"},"content":{"rendered":"\n<p>Der Vorstand des BSV Ru\u00dfbachtal legt gro\u00dfen Wert darauf, dass wir uns in diesem Verein alle wohlf\u00fchlen.<\/p>\n\n\n\n<p>Wenn mal etwas nicht so gut klappt oder etwas besonders gut gef\u00e4llt, dann kann man hier mit uns Kontakt aufnehmen und alles loswerden, was am Herzen liegt.<\/p>\n\n\n\n<p>Ebenso freuen wir uns immer \u00fcber Kontaktaufnahme und neue Bekanntschaften!<\/p>\n\n\n\n<p>E-Mail: <strong><a href=\"mailto:bsv.russbachtal@gmail.com\">bsv.russbachtal@gmail.com<\/a><\/strong><\/p>\n\n\n\n<div class=\"wpcf7 no-js\" id=\"wpcf7-f899-o1\" lang=\"de-DE\" dir=\"ltr\" data-wpcf7-id=\"899\">\n<div class=\"screen-reader-response\"><p role=\"status\" aria-live=\"polite\" aria-atomic=\"true\"><\/p> <ul><\/ul><\/div>\n<form action=\"\/bsv-wp\/wp-json\/wp\/v2\/pages\/11#wpcf7-f899-o1\" method=\"post\" class=\"wpcf7-form init\" aria-label=\"Kontaktformular\" novalidate=\"novalidate\" data-status=\"init\">\n<fieldset class=\"hidden-fields-container\"><input type=\"hidden\" name=\"_wpcf7\" value=\"899\" \/><input type=\"hidden\" name=\"_wpcf7_version\" value=\"6.1.5\" \/><input type=\"hidden\" name=\"_wpcf7_locale\" value=\"de_DE\" \/><input type=\"hidden\" name=\"_wpcf7_unit_tag\" value=\"wpcf7-f899-o1\" \/><input type=\"hidden\" name=\"_wpcf7_container_post\" value=\"0\" \/><input type=\"hidden\" name=\"_wpcf7_posted_data_hash\" value=\"\" \/><input type=\"hidden\" name=\"_wpcf7_recaptcha_response\" value=\"\" \/>\n<\/fieldset>\n<p><label> Dein Name<br \/>\n<span class=\"wpcf7-form-control-wrap\" data-name=\"your-name\"><input size=\"40\" maxlength=\"400\" class=\"wpcf7-form-control wpcf7-text wpcf7-validates-as-required\" autocomplete=\"name\" aria-required=\"true\" aria-invalid=\"false\" value=\"\" type=\"text\" name=\"your-name\" \/><\/span> <\/label>\n<\/p>\n<p><label> Deine E-Mail-Adresse<br \/>\n<span class=\"wpcf7-form-control-wrap\" data-name=\"your-email\"><input size=\"40\" maxlength=\"400\" class=\"wpcf7-form-control wpcf7-email wpcf7-validates-as-required wpcf7-text wpcf7-validates-as-email\" autocomplete=\"email\" aria-required=\"true\" aria-invalid=\"false\" value=\"\" type=\"email\" name=\"your-email\" \/><\/span> <\/label>\n<\/p>\n<p><label> Betreff<br \/>\n<span class=\"wpcf7-form-control-wrap\" data-name=\"your-subject\"><input size=\"40\" maxlength=\"400\" class=\"wpcf7-form-control wpcf7-text wpcf7-validates-as-required\" aria-required=\"true\" aria-invalid=\"false\" value=\"\" type=\"text\" name=\"your-subject\" \/><\/span> <\/label>\n<\/p>\n<p><label> Deine Nachricht<br \/>\n<span class=\"wpcf7-form-control-wrap\" data-name=\"your-message\"><textarea cols=\"40\" rows=\"10\" maxlength=\"2000\" class=\"wpcf7-form-control wpcf7-textarea wpcf7-validates-as-required\" aria-required=\"true\" aria-invalid=\"false\" name=\"your-message\"><\/textarea><\/span> <\/label>\n<\/p>\n<p><input class=\"wpcf7-form-control wpcf7-submit has-spinner\" type=\"submit\" value=\"Senden\" \/>\n<\/p><p style=\"display: none !important;\" class=\"akismet-fields-container\" data-prefix=\"_wpcf7_ak_\"><label>&#916;<textarea name=\"_wpcf7_ak_hp_textarea\" cols=\"45\" rows=\"8\" maxlength=\"100\"><\/textarea><\/label><input type=\"hidden\" id=\"ak_js_1\" name=\"_wpcf7_ak_js\" value=\"143\"\/><script type=\"text\/javascript\">\n\/* <![CDATA[ *\/\ndocument.getElementById( \"ak_js_1\" ).setAttribute( \"value\", ( new Date() ).getTime() );\n\/* ]]> *\/\n<\/script>\n<\/p><div class=\"wpcf7-response-output\" aria-hidden=\"true\"><\/div>\n<\/form>\n<\/div>\n\n","protected":false},"excerpt":{"rendered":"<p>Der Vorstand des BSV Ru\u00dfbachtal legt gro\u00dfen Wert darauf, dass wir uns in diesem Verein alle wohlf\u00fchlen. Wenn mal etwas nicht so gut klappt oder etwas besonders gut gef\u00e4llt, dann kann man hier mit uns Kontakt aufnehmen und alles loswerden,<\/p>\n","protected":false},"author":1,"featured_media":0,"parent":0,"menu_order":0,"comment_status":"closed","ping_status":"closed","template":"","meta":{"footnotes":""},"class_list":["post-11","page","type-page","status-publish","hentry"],"_links":{"self":[{"href":"https:\/\/www.bsv-russbachtal.at\/bsv-wp\/wp-json\/wp\/v2\/pages\/11","targetHints":{"allow":["GET"]}}],"collection":[{"href":"https:\/\/www.bsv-russbachtal.at\/bsv-wp\/wp-json\/wp\/v2\/pages"}],"about":[{"href":"https:\/\/www.bsv-russbachtal.at\/bsv-wp\/wp-json\/wp\/v2\/types\/page"}],"author":[{"embeddable":true,"href":"https:\/\/www.bsv-russbachtal.at\/bsv-wp\/wp-json\/wp\/v2\/users\/1"}],"replies":[{"embeddable":true,"href":"https:\/\/www.bsv-russbachtal.at\/bsv-wp\/wp-json\/wp\/v2\/comments?post=11"}],"version-history":[{"count":3,"href":"https:\/\/www.bsv-russbachtal.at\/bsv-wp\/wp-json\/wp\/v2\/pages\/11\/revisions"}],"predecessor-version":[{"id":2106,"href":"https:\/\/www.bsv-russbachtal.at\/bsv-wp\/wp-json\/wp\/v2\/pages\/11\/revisions\/2106"}],"wp:attachment":[{"href":"https:\/\/www.bsv-russbachtal.at\/bsv-wp\/wp-json\/wp\/v2\/media?parent=11"}],"curies":[{"name":"wp","href":"https:\/\/api.w.org\/{rel}","templated":true}]}}